{"id":8177,"date":"2025-08-29T09:38:03","date_gmt":"2025-08-29T13:38:03","guid":{"rendered":"https:\/\/guidi.co\/?page_id=8177"},"modified":"2026-02-25T09:39:03","modified_gmt":"2026-02-25T14:39:03","slug":"premiere-rencontre","status":"publish","type":"page","link":"https:\/\/guidi.co\/en\/premiere-rencontre\/","title":{"rendered":"Premi\u00e8re rencontre"},"content":{"rendered":"\t\t<div data-elementor-type=\"wp-page\" data-elementor-id=\"8177\" class=\"elementor elementor-8177\" data-elementor-post-type=\"page\">\n\t\t\t\t<div class=\"elementor-element elementor-element-bbdeef9 e-con-full pad-b-m e-flex e-con e-parent\" data-id=\"bbdeef9\" data-element_type=\"container\" data-e-type=\"container\" data-settings=\"{&quot;animation&quot;:&quot;none&quot;}\">\n\t\t<div class=\"elementor-element elementor-element-7b072c1 e-con-full e-flex elementor-invisible e-con e-child\" data-id=\"7b072c1\" data-element_type=\"container\" data-e-type=\"container\" data-settings=\"{&quot;animation&quot;:&quot;fadeIn&quot;,&quot;animation_delay&quot;:900}\">\n\t\t\t\t<div class=\"elementor-element elementor-element-c7d2c17 elementor-widget elementor-widget-heading\" data-id=\"c7d2c17\" data-element_type=\"widget\" data-e-type=\"widget\" data-widget_type=\"heading.default\">\n\t\t\t\t<div class=\"elementor-widget-container\">\n\t\t\t\t\t<h5 class=\"elementor-heading-title elementor-size-default\">Premi\u00e8re rencontre<\/h5>\t\t\t\t<\/div>\n\t\t\t\t<\/div>\n\t\t\t\t<div class=\"elementor-element elementor-element-8937186 elementor-widget elementor-widget-heading\" data-id=\"8937186\" data-element_type=\"widget\" data-e-type=\"widget\" data-widget_type=\"heading.default\">\n\t\t\t\t<div class=\"elementor-widget-container\">\n\t\t\t\t\t<h1 class=\"elementor-heading-title elementor-size-default\">Merci de votre int\u00e9r\u00eat. Nous avons h\u00e2te de d\u00e9couvrir votre projet!<\/h1>\t\t\t\t<\/div>\n\t\t\t\t<\/div>\n\t\t\t\t<div class=\"elementor-element elementor-element-df187ff elementor-widget elementor-widget-heading\" data-id=\"df187ff\" data-element_type=\"widget\" data-e-type=\"widget\" data-widget_type=\"heading.default\">\n\t\t\t\t<div class=\"elementor-widget-container\">\n\t\t\t\t\t<h3 class=\"elementor-heading-title elementor-size-default\">Avant de fixer un rendez-vous, nous tenons toutefois \u00e0 nous assurer que nous partageons la m\u00eame vision. Prenez un moment pour regarder la vid\u00e9o ci-jointe: elle vous donnera un aper\u00e7u clair de notre approche et vous aidera \u00e0 confirmer que nous sommes le bon partenaire pour vous.<\/h3>\t\t\t\t<\/div>\n\t\t\t\t<\/div>\n\t\t\t\t<\/div>\n\t\t\t\t<div class=\"elementor-element elementor-element-517fcee elementor-widget__width-initial elementor-widget-tablet_extra__width-inherit elementor-widget elementor-widget-video\" data-id=\"517fcee\" data-element_type=\"widget\" data-e-type=\"widget\" data-settings=\"{&quot;youtube_url&quot;:&quot;https:\\\/\\\/www.youtube.com\\\/watch?v=apWVEb8I47w&quot;,&quot;video_type&quot;:&quot;youtube&quot;,&quot;controls&quot;:&quot;yes&quot;}\" data-widget_type=\"video.default\">\n\t\t\t\t<div class=\"elementor-widget-container\">\n\t\t\t\t\t\t\t<div class=\"elementor-wrapper elementor-open-inline\">\n\t\t\t<div class=\"elementor-video\"><\/div>\t\t<\/div>\n\t\t\t\t\t\t<\/div>\n\t\t\t\t<\/div>\n\t\t\t\t<\/div>\n\t\t<div class=\"elementor-element elementor-element-e1280a5 pad-b-s e-con-full e-flex elementor-invisible e-con e-parent\" data-id=\"e1280a5\" data-element_type=\"container\" data-e-type=\"container\" data-settings=\"{&quot;animation&quot;:&quot;fadeIn&quot;}\">\n\t\t\t\t<div class=\"elementor-element elementor-element-3d8bfb6 elementor-widget__width-inherit pad-t-s elementor-widget elementor-widget-html\" data-id=\"3d8bfb6\" data-element_type=\"widget\" data-e-type=\"widget\" data-widget_type=\"html.default\">\n\t\t\t\t<div class=\"elementor-widget-container\">\n\t\t\t\t\t<div class=\"asana-embed-container\" style=\"display: flex; justify-content: center; align-items: center; min-height: 80vh; padding: 20px;\">\n    \n    <link rel=\"stylesheet\" href=\"https:\/\/form.asana.com\/static\/asana-form-embed-style.css\"\/>\n<iframe class=\"asana-embed-iframe\" style=\"max-width: 800px; width: 100%; height: 900px; border: none;\" src=\"https:\/\/form.asana.com\/?k=0KddiM91_0AX26mrQ4qYxw&d=18204209002738&embed=true\"><\/iframe>\n<div class=\"asana-embed-footer\"><a rel=\"nofollow noopener\" target=\"_blank\" class=\"asana-embed-footer-link\" href=\"https:\/\/asana.com\/fr?utm_source=embedded_form\"><span class=\"asana-embed-footer-text\">Formulaire cr\u00e9\u00e9 sur<\/span><div class=\"asana-embed-footer-logo\" role=\"img\" aria-label=\"Logo d\u2019Asana\"><\/div><\/a><\/div><\/div>\t\t\t\t<\/div>\n\t\t\t\t<\/div>\n\t\t\t\t<\/div>\n\t\t\t\t<\/div>\n\t\t","protected":false},"excerpt":{"rendered":"<p>Merci de votre int\u00e9r\u00eat. Nous avons h\u00e2te de d\u00e9couvrir votre projet! Avant de fixer un rendez-vous, nous tenons toutefois \u00e0 nous assurer que nous partageons la m\u00eame vision. Prenez un moment pour regarder la vid\u00e9o ci-jointe: elle vous donnera un aper\u00e7u clair de notre approche et vous aidera \u00e0 confirmer que nous sommes le bon [&hellip;]<\/p>\n","protected":false},"author":2,"featured_media":8772,"parent":0,"menu_order":0,"comment_status":"closed","ping_status":"closed","template":"","meta":{"_acf_changed":false,"_seopress_robots_primary_cat":"","_seopress_titles_title":"","_seopress_titles_desc":"Merci de votre int\u00e9r\u00eat, nous avons h\u00e2te de d\u00e9couvrir votre projet! D\u00e9couvrez notre approche pour confirmer que nous sommes le bon partenaire pour vous.","_seopress_robots_index":"yes","inline_featured_image":false,"footnotes":""},"class_list":["post-8177","page","type-page","status-publish","has-post-thumbnail","hentry"],"acf":[],"_links":{"self":[{"href":"https:\/\/guidi.co\/en\/wp-json\/wp\/v2\/pages\/8177","targetHints":{"allow":["GET"]}}],"collection":[{"href":"https:\/\/guidi.co\/en\/wp-json\/wp\/v2\/pages"}],"about":[{"href":"https:\/\/guidi.co\/en\/wp-json\/wp\/v2\/types\/page"}],"author":[{"embeddable":true,"href":"https:\/\/guidi.co\/en\/wp-json\/wp\/v2\/users\/2"}],"replies":[{"embeddable":true,"href":"https:\/\/guidi.co\/en\/wp-json\/wp\/v2\/comments?post=8177"}],"version-history":[{"count":110,"href":"https:\/\/guidi.co\/en\/wp-json\/wp\/v2\/pages\/8177\/revisions"}],"predecessor-version":[{"id":10408,"href":"https:\/\/guidi.co\/en\/wp-json\/wp\/v2\/pages\/8177\/revisions\/10408"}],"wp:featuredmedia":[{"embeddable":true,"href":"https:\/\/guidi.co\/en\/wp-json\/wp\/v2\/media\/8772"}],"wp:attachment":[{"href":"https:\/\/guidi.co\/en\/wp-json\/wp\/v2\/media?parent=8177"}],"curies":[{"name":"wp","href":"https:\/\/api.w.org\/{rel}","templated":true}]}}