{"id":1790,"date":"2025-02-10T11:10:26","date_gmt":"2025-02-10T16:10:26","guid":{"rendered":"https:\/\/guidi.co\/?page_id=1790"},"modified":"2026-02-25T09:41:28","modified_gmt":"2026-02-25T14:41:28","slug":"rendez-vous-isabelle","status":"publish","type":"page","link":"https:\/\/guidi.co\/en\/rendez-vous-isabelle\/","title":{"rendered":"Rendez-vous &#8211; Isabelle"},"content":{"rendered":"\t\t<div data-elementor-type=\"wp-page\" data-elementor-id=\"1790\" class=\"elementor elementor-1790\" data-elementor-post-type=\"page\">\n\t\t\t\t<div class=\"elementor-element elementor-element-bbdeef9 e-con-full pad-tb-s e-flex e-con e-parent\" data-id=\"bbdeef9\" data-element_type=\"container\" data-e-type=\"container\">\n\t\t\t\t<div class=\"elementor-element elementor-element-c7d2c17 pad-b-s elementor-widget elementor-widget-heading\" data-id=\"c7d2c17\" data-element_type=\"widget\" data-e-type=\"widget\" data-widget_type=\"heading.default\">\n\t\t\t\t<div class=\"elementor-widget-container\">\n\t\t\t\t\t<h5 class=\"elementor-heading-title elementor-size-default\">Rendez-vous<\/h5>\t\t\t\t<\/div>\n\t\t\t\t<\/div>\n\t\t\t\t<div class=\"elementor-element elementor-element-8937186 elementor-widget elementor-widget-heading\" data-id=\"8937186\" data-element_type=\"widget\" data-e-type=\"widget\" data-widget_type=\"heading.default\">\n\t\t\t\t<div class=\"elementor-widget-container\">\n\t\t\t\t\t<h1 class=\"elementor-heading-title elementor-size-default\">R\u00e9servez votre consultation avec Guidi.co et laissez-nous r\u00e9v\u00e9ler tout ce que votre marque peut accomplir!<\/h1>\t\t\t\t<\/div>\n\t\t\t\t<\/div>\n\t\t\t\t<div class=\"elementor-element elementor-element-3ae8fdb elementor-widget__width-inherit pad-t-s elementor-widget elementor-widget-html\" data-id=\"3ae8fdb\" data-element_type=\"widget\" data-e-type=\"widget\" data-widget_type=\"html.default\">\n\t\t\t\t<div class=\"elementor-widget-container\">\n\t\t\t\t\t<!-- Google Calendar Appointment Scheduling begin -->\n<iframe src=\"https:\/\/calendar.google.com\/calendar\/appointments\/AcZssZ286juXFCv_kPehLlYNoFlWl6IuwRWgNjtYnMM=?gv=true\" style=\"border: 0\" width=\"100%\" height=\"600\" frameborder=\"0\"><\/iframe>\n<!-- end Google Calendar Appointment Scheduling -->\t\t\t\t<\/div>\n\t\t\t\t<\/div>\n\t\t\t\t<\/div>\n\t\t\t\t<\/div>\n\t\t","protected":false},"excerpt":{"rendered":"<p>Rendez-vous R\u00e9servez votre consultation avec Guidi.co et laissez-nous r\u00e9v\u00e9ler tout ce que votre marque peut accomplir!<\/p>\n","protected":false},"author":2,"featured_media":8772,"parent":0,"menu_order":0,"comment_status":"closed","ping_status":"closed","template":"","meta":{"_acf_changed":false,"_seopress_robots_primary_cat":"","_seopress_titles_title":"%%post_title%% %%sep%% %%sitetitle%%","_seopress_titles_desc":"R\u00e9servez votre consultation avec Guidi.co et laissez-nous r\u00e9v\u00e9ler tout ce que votre marque peut accomplir!","_seopress_robots_index":"yes","inline_featured_image":false,"footnotes":""},"class_list":["post-1790","page","type-page","status-publish","has-post-thumbnail","hentry"],"acf":[],"_links":{"self":[{"href":"https:\/\/guidi.co\/en\/wp-json\/wp\/v2\/pages\/1790","targetHints":{"allow":["GET"]}}],"collection":[{"href":"https:\/\/guidi.co\/en\/wp-json\/wp\/v2\/pages"}],"about":[{"href":"https:\/\/guidi.co\/en\/wp-json\/wp\/v2\/types\/page"}],"author":[{"embeddable":true,"href":"https:\/\/guidi.co\/en\/wp-json\/wp\/v2\/users\/2"}],"replies":[{"embeddable":true,"href":"https:\/\/guidi.co\/en\/wp-json\/wp\/v2\/comments?post=1790"}],"version-history":[{"count":20,"href":"https:\/\/guidi.co\/en\/wp-json\/wp\/v2\/pages\/1790\/revisions"}],"predecessor-version":[{"id":10414,"href":"https:\/\/guidi.co\/en\/wp-json\/wp\/v2\/pages\/1790\/revisions\/10414"}],"wp:featuredmedia":[{"embeddable":true,"href":"https:\/\/guidi.co\/en\/wp-json\/wp\/v2\/media\/8772"}],"wp:attachment":[{"href":"https:\/\/guidi.co\/en\/wp-json\/wp\/v2\/media?parent=1790"}],"curies":[{"name":"wp","href":"https:\/\/api.w.org\/{rel}","templated":true}]}}