{"id":1779,"date":"2025-02-10T11:06:59","date_gmt":"2025-02-10T16:06:59","guid":{"rendered":"https:\/\/guidi.co\/?page_id=1779"},"modified":"2026-02-25T09:41:23","modified_gmt":"2026-02-25T14:41:23","slug":"rendez-vous-marieeve","status":"publish","type":"page","link":"https:\/\/guidi.co\/en\/rendez-vous-marieeve\/","title":{"rendered":"Rendez-vous &#8211; Marie-Eve"},"content":{"rendered":"\t\t<div data-elementor-type=\"wp-page\" data-elementor-id=\"1779\" class=\"elementor elementor-1779\" data-elementor-post-type=\"page\">\n\t\t\t\t<div class=\"elementor-element elementor-element-bbdeef9 e-con-full pad-tb-s e-flex e-con e-parent\" data-id=\"bbdeef9\" data-element_type=\"container\" data-e-type=\"container\">\n\t\t\t\t<div class=\"elementor-element elementor-element-c7d2c17 pad-b-s elementor-widget elementor-widget-heading\" data-id=\"c7d2c17\" data-element_type=\"widget\" data-e-type=\"widget\" data-widget_type=\"heading.default\">\n\t\t\t\t<div class=\"elementor-widget-container\">\n\t\t\t\t\t<h5 class=\"elementor-heading-title elementor-size-default\">Rendez-vous<\/h5>\t\t\t\t<\/div>\n\t\t\t\t<\/div>\n\t\t\t\t<div class=\"elementor-element elementor-element-8937186 elementor-widget elementor-widget-heading\" data-id=\"8937186\" data-element_type=\"widget\" data-e-type=\"widget\" data-widget_type=\"heading.default\">\n\t\t\t\t<div class=\"elementor-widget-container\">\n\t\t\t\t\t<h1 class=\"elementor-heading-title elementor-size-default\">R\u00e9servez votre consultation avec Guidi.co et laissez-nous r\u00e9v\u00e9ler tout ce que votre marque peut accomplir!<\/h1>\t\t\t\t<\/div>\n\t\t\t\t<\/div>\n\t\t\t\t<div class=\"elementor-element elementor-element-3ae8fdb elementor-widget__width-inherit pad-t-s elementor-widget elementor-widget-html\" data-id=\"3ae8fdb\" data-element_type=\"widget\" data-e-type=\"widget\" data-widget_type=\"html.default\">\n\t\t\t\t<div class=\"elementor-widget-container\">\n\t\t\t\t\t<!-- Google Calendar Appointment Scheduling begin -->\n<iframe src=\"https:\/\/calendar.google.com\/calendar\/appointments\/AcZssZ0bRIVw08opqL_tfHJoqPXjRUvXuE_udaYqV50=?gv=true\" style=\"border: 0\" width=\"100%\" height=\"600px\" frameborder=\"0\"><\/iframe>\n<!-- end Google Calendar Appointment Scheduling -->\t\t\t\t<\/div>\n\t\t\t\t<\/div>\n\t\t\t\t<\/div>\n\t\t\t\t<\/div>\n\t\t","protected":false},"excerpt":{"rendered":"<p>Rendez-vous R\u00e9servez votre consultation avec Guidi.co et laissez-nous r\u00e9v\u00e9ler tout ce que votre marque peut accomplir!<\/p>\n","protected":false},"author":2,"featured_media":8772,"parent":0,"menu_order":0,"comment_status":"closed","ping_status":"closed","template":"","meta":{"_acf_changed":false,"_seopress_robots_primary_cat":"","_seopress_titles_title":"%%post_title%% %%sep%% %%sitetitle%%","_seopress_titles_desc":"R\u00e9servez votre consultation avec Guidi.co et laissez-nous r\u00e9v\u00e9ler tout ce que votre marque peut accomplir!","_seopress_robots_index":"yes","inline_featured_image":false,"footnotes":""},"class_list":["post-1779","page","type-page","status-publish","has-post-thumbnail","hentry"],"acf":[],"_links":{"self":[{"href":"https:\/\/guidi.co\/en\/wp-json\/wp\/v2\/pages\/1779","targetHints":{"allow":["GET"]}}],"collection":[{"href":"https:\/\/guidi.co\/en\/wp-json\/wp\/v2\/pages"}],"about":[{"href":"https:\/\/guidi.co\/en\/wp-json\/wp\/v2\/types\/page"}],"author":[{"embeddable":true,"href":"https:\/\/guidi.co\/en\/wp-json\/wp\/v2\/users\/2"}],"replies":[{"embeddable":true,"href":"https:\/\/guidi.co\/en\/wp-json\/wp\/v2\/comments?post=1779"}],"version-history":[{"count":86,"href":"https:\/\/guidi.co\/en\/wp-json\/wp\/v2\/pages\/1779\/revisions"}],"predecessor-version":[{"id":10411,"href":"https:\/\/guidi.co\/en\/wp-json\/wp\/v2\/pages\/1779\/revisions\/10411"}],"wp:featuredmedia":[{"embeddable":true,"href":"https:\/\/guidi.co\/en\/wp-json\/wp\/v2\/media\/8772"}],"wp:attachment":[{"href":"https:\/\/guidi.co\/en\/wp-json\/wp\/v2\/media?parent=1779"}],"curies":[{"name":"wp","href":"https:\/\/api.w.org\/{rel}","templated":true}]}}